{"id":34,"date":"2021-05-04T09:30:51","date_gmt":"2021-05-04T13:30:51","guid":{"rendered":"https:\/\/mybreastscreening.ca\/?page_id=34"},"modified":"2026-01-14T18:10:03","modified_gmt":"2026-01-14T23:10:03","slug":"about","status":"publish","type":"page","link":"https:\/\/mybreastscreening.ca\/fr\/about\/","title":{"rendered":"\u00c0 propos"},"content":{"rendered":"<h2>\n\t\t\tPourquoi mybreastscreening.ca a-t-il \u00e9t\u00e9 cr\u00e9\u00e9 ?\t<\/h2>\n\t<p>Dense Breasts Canada and women&#8217;s health advocates across Canada have teamed up to launch mybreastscreening.ca to educate and empower women about breast screening. Accurate, current and relevant information empowers women to make the best decisions for their health.<\/p>\n<p>Le d\u00e9pistage peut sauver des vies en rendant possible la d\u00e9tection pr\u00e9coce du cancer du sein et en r\u00e9duisant la fr\u00e9quence des traitements agressifs et invasifs. Cependant, des lacunes existent toujours entre les indications canadiennes sur le d\u00e9pistage du cancer du sein, les pratiques de d\u00e9pistage dans les provinces, et les derni\u00e8res recherches des experts. Par cons\u00e9quent, les femmes sont mal inform\u00e9es et n\u2019ont pas acc\u00e8s au meilleur d\u00e9pistage possible.<\/p>\n<p>These women are our mothers, daughters, wives, sisters, aunts, and grandmothers. They&#8217;re our work colleagues, workout buddies, trusted advisors and friends. These women are US. WE deserve better information about breast health and options for screening.<\/p>\n<h3>\n\t\t\tNos objectifs\t<\/h3>\n\t<strong>L\u2019\u00e9ducation<\/strong><br \/>\nAider les femmes \u00e0 \u00eatre proactive concernant la sant\u00e9 mammaire, \u00e0 comprendre le programme de d\u00e9pistage de leur province, et \u00e0 \u00e9tablir un dialogue inform\u00e9 avec leur fournisseur de sant\u00e9. Notre quiz, site web, et Votre guide complet du d\u00e9pistage du cancer du sein au Canada, de la recherche, et des recommandations expertes pour que vous puissiez \u00eatre #bebreastinformed..\n<hr \/>\n<strong>Le plaidoyer<\/strong><br \/>\nTo highlight inequities in breast cancer screening across the provinces, advocate for healthcare reform at the federal and provincial levels and encourage women to advocate for improved practices.\n<hr \/>\n<strong>La communaut\u00e9<\/strong><br \/>\nTo build a community of women, health care providers, breast screening experts, breast cancer survivors and passionate supporters. We&#8217;re listening to your stories. We want to hear the breast cancer screening experiences of Canadian women so we can make real and meaningful changes.\n\t\t\t\t<img decoding=\"async\" src=\"https:\/\/mybreastscreening.ca\/wp-content\/uploads\/2021\/06\/MAP-gray-line-removed.jpg\" alt=\"Breast Cancer Screening in Canada\" itemprop=\"image\" height=\"1626\" width=\"2000\" title=\"MAP-gray-line-removed\" onerror=\"this.style.display='none'\" loading=\"lazy\" \/>\n<h1>\n\t\t\tContribuez \u00e0 plaider pour un meilleur d\u00e9pistage dans votre province [ou territoire]. <br \/>in your province.\t<\/h1>\n\t<p>Les nombreuses variations dans les pratiques de d\u00e9pistage du cancer du sein \u00e0 travers le Canada entra\u00eenent un acc\u00e8s in\u00e9gal et des normes de soins in\u00e9gales. La d\u00e9tection pr\u00e9coce du cancer du sein ne devrait pas d\u00e9pendre de votre code postal.<\/p>\n<p><strong>Click on your province for a customized letter to send to your Provincial Health Minister.<\/strong><\/p>\n\t<a href=\"https:\/\/www.densebreastscanada.ca\/wp-content\/uploads\/2024\/06\/Letter-to-MLA-BC-June-2024.docx\">Colombie-Britannique<\/a><br \/>\n<a href=\"https:\/\/www.densebreastscanada.ca\/wp-content\/uploads\/2025\/01\/Alberta-Advocacy-Letter-Feb-2025.docx\">Alberta<\/a><a href=\"https:\/\/mybreastscreening.ca\/wp-content\/uploads\/2021\/11\/Quebec-Letter-FR.docx\"><br \/>\n<\/a><a href=\"https:\/\/www.densebreastscanada.ca\/wp-content\/uploads\/2025\/01\/Saskatchewan-Advocacy-Letter-February-2025.docx\">Saskatchewan<\/a><a href=\"https:\/\/mybreastscreening.ca\/wp-content\/uploads\/2021\/11\/Quebec-Letter-FR.docx\"><br \/>\n<\/a><a href=\"https:\/\/www.densebreastscanada.ca\/wp-content\/uploads\/2024\/02\/Issues-with-breast-screening-practices-in-Manitoba-2024.docx\">Manitoba<\/a><br \/>\n<a href=\"https:\/\/www.densebreastscanada.ca\/wp-content\/uploads\/2025\/01\/Quebec-Breast-Cancer-Screening-Issues-February-2025.docx\">Qu\u00e9bec<\/a>\n\t<a href=\"https:\/\/www.densebreastscanada.ca\/wp-content\/uploads\/2019\/03\/Nova-Scotia-Advocacy-Letter-Jan-2025.docx\">Nouvelle-\u00c9cosse<\/a><a href=\"https:\/\/mybreastscreening.ca\/wp-content\/uploads\/2021\/07\/Letter-to-Health-Minister-NWT.docx\"><br \/>\n<\/a><a href=\"https:\/\/www.densebreastscanada.ca\/wp-content\/uploads\/2023\/11\/New-Brunswick-Advocacy-Letter-2023.docx\">Nouveau-Brunswick<\/a><a href=\"https:\/\/mybreastscreening.ca\/wp-content\/uploads\/2021\/07\/Letter-to-Health-Minister-NWT.docx\"><br \/>\n<\/a><a href=\"https:\/\/www.densebreastscanada.ca\/wp-content\/uploads\/2024\/03\/PEI-Advocacy-Letter-2024.docx\">\u00cele-du-Prince-\u00c9douard<\/a><a href=\"https:\/\/mybreastscreening.ca\/wp-content\/uploads\/2021\/07\/Letter-to-Health-Minister-NWT.docx\"><br \/>\n<\/a><a href=\"https:\/\/www.densebreastscanada.ca\/wp-content\/uploads\/2023\/11\/Newfoundland-and-Labrador-Advocacy-Letter-2023.docx\">Terre-Neuve-et-Labrador<\/a><a href=\"https:\/\/mybreastscreening.ca\/wp-content\/uploads\/2021\/07\/Letter-to-Health-Minister-NWT.docx\"><br \/>\n<\/a><a href=\"https:\/\/www.densebreastscanada.ca\/wp-content\/uploads\/2025\/01\/NWT-Advocacy-Letter-Feb.-2025.docx\">Territoires du Nord-Ouest<\/a>\n<h3>\n\t\t\tEst-ce que le d\u00e9pistage du cancer du sein optimal est accessible dans votre province [ou] territoire ?\t<\/h3>\n\t<p>Screening in the 40s can be lifesaving. As of Feb. 2025, six provinces allow women to self-refer for a mammogram at 40: BC, PEI, YT, NS, ON, NB.<\/p>\n<p>In AB and NWT, you can self-refer at 45 or after your first screening, ages 40-45.<\/p>\n<p>NL will start self-referral in March 2025.<\/p>\n<p>SK lowered age to 47 in Jan 2025 and will be at 40 in 2026. MB will lower the age to 45 in Dec 2025 and 40 in Dec 2026. Quebec is under review.<\/p>\n<hr \/>\n<p>Malgr\u00e9 le fait que les cancers dans la quarantaine peuvent se d\u00e9velopper de fa\u00e7on agressive, ce n'est qu'\u00e0 l'\u00ce.-P.-\u00c9., en N.-\u00c9., au Yn et en Alb. que les femmes peuvent se r\u00e9f\u00e9rer elles-m\u00eames \u00e0 une mammographie annuelle.Pourquoi mybreastscreening.ca a-t-il \u00e9t\u00e9 cr\u00e9\u00e9 ?<\/p>\n<hr \/>\n<p>All women are directly informed of their breast density in their results letter in: BC, NS, AB, MB, PEI, NB, YT, NWT and ON. NL will begin in 2025. In SK and QC, the density category can be found in the patient&#8217;s online health portal.<\/p>\n<hr \/>\n<p>Only seven provinces ask women with the highest category of density to return for a mammogram every year instead of every two years: ON, PEI, NL, SK, NWT, NS, and YT.<\/p>\n\t<p><strong>Cliquez ici pour d\u00e9couvrir comment votre province se situe par rapport aux autres. <a href=\"https:\/\/www.densebreastscanada.ca\/wp-content\/uploads\/2024\/10\/Breast-Screening-Practices-Report-Provincial-Comparison-Report_Oct2.pdf\">here<\/a> to see how your province compares.<\/strong><\/p>\n<h4>\n\t\t\tBreast Density Notification 2025\t<\/h4>\n\t\t\t\t<a href=\"https:\/\/mybreastscreening.ca\/wp-content\/uploads\/2025\/04\/density-map-march-2025-copy.jpeg\"  target=\"_self\" itemprop=\"url\">\n\t\t\t\t<img decoding=\"async\" src=\"https:\/\/mybreastscreening.ca\/wp-content\/uploads\/2025\/04\/density-map-march-2025-copy.jpeg\" alt=\"density map march 2025 copy\" itemprop=\"image\" height=\"853\" width=\"1074\" title=\"density map march 2025 copy\" onerror=\"this.style.display='none'\" loading=\"lazy\" \/>\n\t\t\t\t<\/a>\n<h4>\n\t\t\tSelf-referral for mammograms in the 40s.\t<\/h4>\n\t\t\t\t<a href=\"https:\/\/mybreastscreening.ca\/wp-content\/uploads\/2026\/01\/MAP-SELF-REFERAL-JAN-2026-cropped-MBS.jpeg\"  target=\"_self\" itemprop=\"url\">\n\t\t\t\t<img decoding=\"async\" src=\"https:\/\/mybreastscreening.ca\/wp-content\/uploads\/2026\/01\/MAP-SELF-REFERAL-JAN-2026-cropped-MBS.jpeg\" alt=\"MAP SELF REFERAL JAN 2026 cropped MBS\" itemprop=\"image\" height=\"722\" width=\"908\" title=\"MAP SELF REFERAL JAN 2026 cropped MBS\" onerror=\"this.style.display='none'\" loading=\"lazy\" \/>\n\t\t\t\t<\/a>","protected":false},"excerpt":{"rendered":"<p>Why was mybreastscreening.ca created? Dense Breasts Canada and women&#8217;s health advocates across Canada have teamed up to launch mybreastscreening.ca to educate and empower women about breast screening. Accurate, current and relevant information empowers women to make the best decisions for their health. Breast cancer screening saves lives. Early detection means less aggressive treatments and surgeries.&hellip;<\/p>","protected":false},"author":1,"featured_media":0,"parent":0,"menu_order":0,"comment_status":"closed","ping_status":"closed","template":"","meta":{"_monsterinsights_skip_tracking":false,"_monsterinsights_sitenote_active":false,"_monsterinsights_sitenote_note":"","_monsterinsights_sitenote_category":0,"footnotes":"","_links_to":"","_links_to_target":""},"class_list":["post-34","page","type-page","status-publish","hentry"],"yoast_head":"<!-- This site is optimized with the Yoast SEO plugin v27.3 - https:\/\/yoast.com\/product\/yoast-seo-wordpress\/ -->\n<title>Educate and empower women. - mybreastscreening<\/title>\n<meta name=\"description\" content=\"Dense Breasts Canada and women\u2019s health advocates across Canada have teamed up to launch mybreastscreening.ca in order to educate and empower women.\" \/>\n<meta name=\"robots\" content=\"index, follow, max-snippet:-1, max-image-preview:large, max-video-preview:-1\" \/>\n<link rel=\"canonical\" href=\"https:\/\/www.mybreastscreening.ca\/about\/\" \/>\n<meta property=\"og:locale\" content=\"fr_CA\" \/>\n<meta property=\"og:type\" content=\"article\" \/>\n<meta property=\"og:title\" content=\"Educate and empower women. - mybreastscreening\" \/>\n<meta property=\"og:description\" content=\"Dense Breasts Canada and women\u2019s health advocates across Canada have teamed up to launch mybreastscreening.ca in order to educate and empower women.\" \/>\n<meta property=\"og:url\" content=\"https:\/\/www.mybreastscreening.ca\/about\/\" \/>\n<meta property=\"og:site_name\" content=\"mybreastscreening\" \/>\n<meta property=\"article:publisher\" content=\"https:\/\/www.facebook.com\/mybreastscreening.ca\" \/>\n<meta property=\"article:modified_time\" content=\"2026-01-14T23:10:03+00:00\" \/>\n<meta property=\"og:image\" content=\"https:\/\/www.mybreastscreening.ca\/wp-content\/uploads\/2021\/06\/MAP-gray-line-removed.jpg\" \/>\n<meta name=\"twitter:card\" content=\"summary_large_image\" \/>\n<meta name=\"twitter:site\" content=\"@my_screening\" \/>\n<meta name=\"twitter:label1\" content=\"Estimation du temps de lecture\" \/>\n\t<meta name=\"twitter:data1\" content=\"3 minutes\" \/>\n<script type=\"application\/ld+json\" class=\"yoast-schema-graph\">{\"@context\":\"https:\\\/\\\/schema.org\",\"@graph\":[{\"@type\":\"WebPage\",\"@id\":\"https:\\\/\\\/www.mybreastscreening.ca\\\/about\\\/\",\"url\":\"https:\\\/\\\/www.mybreastscreening.ca\\\/about\\\/\",\"name\":\"Educate and empower women. - mybreastscreening\",\"isPartOf\":{\"@id\":\"https:\\\/\\\/mybreastscreening.ca\\\/fr\\\/#website\"},\"primaryImageOfPage\":{\"@id\":\"https:\\\/\\\/www.mybreastscreening.ca\\\/about\\\/#primaryimage\"},\"image\":{\"@id\":\"https:\\\/\\\/www.mybreastscreening.ca\\\/about\\\/#primaryimage\"},\"thumbnailUrl\":\"https:\\\/\\\/mybreastscreening.ca\\\/wp-content\\\/uploads\\\/2021\\\/06\\\/MAP-gray-line-removed.jpg\",\"datePublished\":\"2021-05-04T13:30:51+00:00\",\"dateModified\":\"2026-01-14T23:10:03+00:00\",\"description\":\"Dense Breasts Canada and women\u2019s health advocates across Canada have teamed up to launch mybreastscreening.ca in order to educate and empower women.\",\"breadcrumb\":{\"@id\":\"https:\\\/\\\/www.mybreastscreening.ca\\\/about\\\/#breadcrumb\"},\"inLanguage\":\"fr-CA\",\"potentialAction\":[{\"@type\":\"ReadAction\",\"target\":[\"https:\\\/\\\/www.mybreastscreening.ca\\\/about\\\/\"]}]},{\"@type\":\"ImageObject\",\"inLanguage\":\"fr-CA\",\"@id\":\"https:\\\/\\\/www.mybreastscreening.ca\\\/about\\\/#primaryimage\",\"url\":\"https:\\\/\\\/mybreastscreening.ca\\\/wp-content\\\/uploads\\\/2021\\\/06\\\/MAP-gray-line-removed.jpg\",\"contentUrl\":\"https:\\\/\\\/mybreastscreening.ca\\\/wp-content\\\/uploads\\\/2021\\\/06\\\/MAP-gray-line-removed.jpg\"},{\"@type\":\"BreadcrumbList\",\"@id\":\"https:\\\/\\\/www.mybreastscreening.ca\\\/about\\\/#breadcrumb\",\"itemListElement\":[{\"@type\":\"ListItem\",\"position\":1,\"name\":\"Home\",\"item\":\"https:\\\/\\\/www.mybreastscreening.ca\\\/\"},{\"@type\":\"ListItem\",\"position\":2,\"name\":\"About\"}]},{\"@type\":\"WebSite\",\"@id\":\"https:\\\/\\\/mybreastscreening.ca\\\/fr\\\/#website\",\"url\":\"https:\\\/\\\/mybreastscreening.ca\\\/fr\\\/\",\"name\":\"mybreastscreening\",\"description\":\"breast screening information for Canadian women\",\"publisher\":{\"@id\":\"https:\\\/\\\/mybreastscreening.ca\\\/fr\\\/#organization\"},\"potentialAction\":[{\"@type\":\"SearchAction\",\"target\":{\"@type\":\"EntryPoint\",\"urlTemplate\":\"https:\\\/\\\/mybreastscreening.ca\\\/fr\\\/?s={search_term_string}\"},\"query-input\":{\"@type\":\"PropertyValueSpecification\",\"valueRequired\":true,\"valueName\":\"search_term_string\"}}],\"inLanguage\":\"fr-CA\"},{\"@type\":\"Organization\",\"@id\":\"https:\\\/\\\/mybreastscreening.ca\\\/fr\\\/#organization\",\"name\":\"mybreastscreening\",\"url\":\"https:\\\/\\\/mybreastscreening.ca\\\/fr\\\/\",\"logo\":{\"@type\":\"ImageObject\",\"inLanguage\":\"fr-CA\",\"@id\":\"https:\\\/\\\/mybreastscreening.ca\\\/fr\\\/#\\\/schema\\\/logo\\\/image\\\/\",\"url\":\"https:\\\/\\\/mybreastscreening.ca\\\/wp-content\\\/uploads\\\/2021\\\/06\\\/LOGO-My-Breast-Screening-200px.png\",\"contentUrl\":\"https:\\\/\\\/mybreastscreening.ca\\\/wp-content\\\/uploads\\\/2021\\\/06\\\/LOGO-My-Breast-Screening-200px.png\",\"width\":200,\"height\":59,\"caption\":\"mybreastscreening\"},\"image\":{\"@id\":\"https:\\\/\\\/mybreastscreening.ca\\\/fr\\\/#\\\/schema\\\/logo\\\/image\\\/\"},\"sameAs\":[\"https:\\\/\\\/www.facebook.com\\\/mybreastscreening.ca\",\"https:\\\/\\\/x.com\\\/my_screening\",\"https:\\\/\\\/www.instagram.com\\\/mybreast_screening\\\/\"]}]}<\/script>\n<!-- \/ Yoast SEO plugin. -->","yoast_head_json":{"title":"Educate and empower women. - mybreastscreening","description":"Dense Breasts Canada and women\u2019s health advocates across Canada have teamed up to launch mybreastscreening.ca in order to educate and empower women.","robots":{"index":"index","follow":"follow","max-snippet":"max-snippet:-1","max-image-preview":"max-image-preview:large","max-video-preview":"max-video-preview:-1"},"canonical":"https:\/\/www.mybreastscreening.ca\/about\/","og_locale":"fr_CA","og_type":"article","og_title":"Educate and empower women. - mybreastscreening","og_description":"Dense Breasts Canada and women\u2019s health advocates across Canada have teamed up to launch mybreastscreening.ca in order to educate and empower women.","og_url":"https:\/\/www.mybreastscreening.ca\/about\/","og_site_name":"mybreastscreening","article_publisher":"https:\/\/www.facebook.com\/mybreastscreening.ca","article_modified_time":"2026-01-14T23:10:03+00:00","og_image":[{"url":"https:\/\/www.mybreastscreening.ca\/wp-content\/uploads\/2021\/06\/MAP-gray-line-removed.jpg","type":"","width":"","height":""}],"twitter_card":"summary_large_image","twitter_site":"@my_screening","twitter_misc":{"Estimation du temps de lecture":"3 minutes"},"schema":{"@context":"https:\/\/schema.org","@graph":[{"@type":"WebPage","@id":"https:\/\/www.mybreastscreening.ca\/about\/","url":"https:\/\/www.mybreastscreening.ca\/about\/","name":"Educate and empower women. - mybreastscreening","isPartOf":{"@id":"https:\/\/mybreastscreening.ca\/fr\/#website"},"primaryImageOfPage":{"@id":"https:\/\/www.mybreastscreening.ca\/about\/#primaryimage"},"image":{"@id":"https:\/\/www.mybreastscreening.ca\/about\/#primaryimage"},"thumbnailUrl":"https:\/\/mybreastscreening.ca\/wp-content\/uploads\/2021\/06\/MAP-gray-line-removed.jpg","datePublished":"2021-05-04T13:30:51+00:00","dateModified":"2026-01-14T23:10:03+00:00","description":"Dense Breasts Canada and women\u2019s health advocates across Canada have teamed up to launch mybreastscreening.ca in order to educate and empower women.","breadcrumb":{"@id":"https:\/\/www.mybreastscreening.ca\/about\/#breadcrumb"},"inLanguage":"fr-CA","potentialAction":[{"@type":"ReadAction","target":["https:\/\/www.mybreastscreening.ca\/about\/"]}]},{"@type":"ImageObject","inLanguage":"fr-CA","@id":"https:\/\/www.mybreastscreening.ca\/about\/#primaryimage","url":"https:\/\/mybreastscreening.ca\/wp-content\/uploads\/2021\/06\/MAP-gray-line-removed.jpg","contentUrl":"https:\/\/mybreastscreening.ca\/wp-content\/uploads\/2021\/06\/MAP-gray-line-removed.jpg"},{"@type":"BreadcrumbList","@id":"https:\/\/www.mybreastscreening.ca\/about\/#breadcrumb","itemListElement":[{"@type":"ListItem","position":1,"name":"Home","item":"https:\/\/www.mybreastscreening.ca\/"},{"@type":"ListItem","position":2,"name":"About"}]},{"@type":"WebSite","@id":"https:\/\/mybreastscreening.ca\/fr\/#website","url":"https:\/\/mybreastscreening.ca\/fr\/","name":"mybreastscreening","description":"breast screening information for Canadian women","publisher":{"@id":"https:\/\/mybreastscreening.ca\/fr\/#organization"},"potentialAction":[{"@type":"SearchAction","target":{"@type":"EntryPoint","urlTemplate":"https:\/\/mybreastscreening.ca\/fr\/?s={search_term_string}"},"query-input":{"@type":"PropertyValueSpecification","valueRequired":true,"valueName":"search_term_string"}}],"inLanguage":"fr-CA"},{"@type":"Organization","@id":"https:\/\/mybreastscreening.ca\/fr\/#organization","name":"mybreastscreening","url":"https:\/\/mybreastscreening.ca\/fr\/","logo":{"@type":"ImageObject","inLanguage":"fr-CA","@id":"https:\/\/mybreastscreening.ca\/fr\/#\/schema\/logo\/image\/","url":"https:\/\/mybreastscreening.ca\/wp-content\/uploads\/2021\/06\/LOGO-My-Breast-Screening-200px.png","contentUrl":"https:\/\/mybreastscreening.ca\/wp-content\/uploads\/2021\/06\/LOGO-My-Breast-Screening-200px.png","width":200,"height":59,"caption":"mybreastscreening"},"image":{"@id":"https:\/\/mybreastscreening.ca\/fr\/#\/schema\/logo\/image\/"},"sameAs":["https:\/\/www.facebook.com\/mybreastscreening.ca","https:\/\/x.com\/my_screening","https:\/\/www.instagram.com\/mybreast_screening\/"]}]}},"_links":{"self":[{"href":"https:\/\/mybreastscreening.ca\/fr\/wp-json\/wp\/v2\/pages\/34","targetHints":{"allow":["GET"]}}],"collection":[{"href":"https:\/\/mybreastscreening.ca\/fr\/wp-json\/wp\/v2\/pages"}],"about":[{"href":"https:\/\/mybreastscreening.ca\/fr\/wp-json\/wp\/v2\/types\/page"}],"author":[{"embeddable":true,"href":"https:\/\/mybreastscreening.ca\/fr\/wp-json\/wp\/v2\/users\/1"}],"replies":[{"embeddable":true,"href":"https:\/\/mybreastscreening.ca\/fr\/wp-json\/wp\/v2\/comments?post=34"}],"version-history":[{"count":0,"href":"https:\/\/mybreastscreening.ca\/fr\/wp-json\/wp\/v2\/pages\/34\/revisions"}],"wp:attachment":[{"href":"https:\/\/mybreastscreening.ca\/fr\/wp-json\/wp\/v2\/media?parent=34"}],"curies":[{"name":"wp","href":"https:\/\/api.w.org\/{rel}","templated":true}]}}